{"id":1038,"date":"2024-02-10T13:43:18","date_gmt":"2024-02-10T13:43:18","guid":{"rendered":"https:\/\/startersites.io\/elementor\/smile-dent\/?page_id=1038"},"modified":"2024-12-13T15:38:47","modified_gmt":"2024-12-13T15:38:47","slug":"contact","status":"publish","type":"page","link":"https:\/\/dereevi.com\/en\/contact\/","title":{"rendered":"Contact"},"content":{"rendered":"\t\t<div data-elementor-type=\"wp-page\" data-elementor-id=\"1038\" class=\"elementor elementor-1038\" data-elementor-post-type=\"page\">\n\t\t\t\t<div class=\"elementor-element elementor-element-5db5617 e-flex e-con-boxed e-con e-parent\" data-id=\"5db5617\" data-element_type=\"container\">\n\t\t\t\t\t<div class=\"e-con-inner\">\n\t\t<div class=\"elementor-element elementor-element-c1009d3 e-flex e-con-boxed e-con e-child\" data-id=\"c1009d3\" data-element_type=\"container\" data-settings=\"{&quot;background_background&quot;:&quot;classic&quot;}\">\n\t\t\t\t\t<div class=\"e-con-inner\">\n\t\t<div class=\"elementor-element elementor-element-2392d8b e-con-full e-flex e-con e-child\" data-id=\"2392d8b\" data-element_type=\"container\">\n\t\t\t\t<div class=\"elementor-element elementor-element-f11461a elementor-widget elementor-widget-google_maps\" data-id=\"f11461a\" data-element_type=\"widget\" data-widget_type=\"google_maps.default\">\n\t\t\t\t<div class=\"elementor-widget-container\">\n\t\t\t\t\t<div class=\"elementor-custom-embed\">\n\t\t\t<iframe loading=\"lazy\"\n\t\t\t\t\tsrc=\"https:\/\/maps.google.com\/maps?q=Dere%20Evi%2C%20Yama%C3%A7dere&#038;t=m&#038;z=15&#038;output=embed&#038;iwloc=near\"\n\t\t\t\t\ttitle=\"Dere Evi, Yama\u00e7dere\"\n\t\t\t\t\taria-label=\"Dere Evi, Yama\u00e7dere\"\n\t\t\t><\/iframe>\n\t\t<\/div>\n\t\t\t\t<\/div>\n\t\t\t\t<\/div>\n\t\t\t\t<\/div>\n\t\t\t\t\t<\/div>\n\t\t\t\t<\/div>\n\t\t\t\t\t<\/div>\n\t\t\t\t<\/div>\n\t\t<div class=\"elementor-element elementor-element-b96c4cb e-flex e-con-boxed e-con e-parent\" data-id=\"b96c4cb\" data-element_type=\"container\">\n\t\t\t\t\t<div class=\"e-con-inner\">\n\t\t<div class=\"elementor-element elementor-element-b91f2be e-con-full e-flex e-con e-child\" data-id=\"b91f2be\" data-element_type=\"container\" data-settings=\"{&quot;background_background&quot;:&quot;classic&quot;}\">\n\t\t\t\t<div class=\"elementor-element elementor-element-4ef0963 elementor-view-default elementor-position-top elementor-mobile-position-top elementor-widget elementor-widget-icon-box\" data-id=\"4ef0963\" data-element_type=\"widget\" data-widget_type=\"icon-box.default\">\n\t\t\t\t<div class=\"elementor-widget-container\">\n\t\t\t\t\t<div class=\"elementor-icon-box-wrapper\">\n\n\t\t\t\t\t\t<div class=\"elementor-icon-box-icon\">\n\t\t\t\t<span  class=\"elementor-icon elementor-animation-\">\n\t\t\t\t<svg xmlns=\"http:\/\/www.w3.org\/2000\/svg\" viewBox=\"0 0 1024 1024\"><path d=\"m70.95 45.884 188.4-43.4c43.2-10 87.2 12.4 104.6 53.2l87 203c16 37.2 5.2 81.2-26.2 106.8l-80 65.4c57.2 104.8 143.6 191.2 248.4 248.2l65.4-80c25.6-31.4 69.6-42.2 106.8-26.2l203.2 87c40.8 17.4 63 61.4 53.2 104.6l-43.4 188.4c-9.6 41.8-46.4 71-89.2 71-489.8.2-889.2-396.4-889.2-888.8 0-42.8 29.2-79.6 71-89.2zm814.4 882.2 41.8-181.4-196.4-84.2-111.4 136.2c-197.6-92.8-301.2-196-394-394l136.2-111.4-84.2-196.4-181.4 41.8c2 435.2 354.2 787.4 789.4 789.4z\"><\/path><\/svg>\t\t\t\t<\/span>\n\t\t\t<\/div>\n\t\t\t\n\t\t\t\t\t\t<div class=\"elementor-icon-box-content\">\n\n\t\t\t\t\t\t\t\t\t<h3 class=\"elementor-icon-box-title\">\n\t\t\t\t\t\t<span  >\n\t\t\t\t\t\t\tTelephone\t\t\t\t\t\t<\/span>\n\t\t\t\t\t<\/h3>\n\t\t\t\t\n\t\t\t\t\t\t\t\t\t<p class=\"elementor-icon-box-description\">\n\t\t\t\t\t\t+90 0542 770 2653\n\n\t\t\t\t\t<\/p>\n\t\t\t\t\n\t\t\t<\/div>\n\t\t\t\n\t\t<\/div>\n\t\t\t\t<\/div>\n\t\t\t\t<\/div>\n\t\t\t\t<div class=\"elementor-element elementor-element-b1c6bb9 elementor-view-default elementor-position-top elementor-mobile-position-top elementor-widget elementor-widget-icon-box\" data-id=\"b1c6bb9\" data-element_type=\"widget\" data-widget_type=\"icon-box.default\">\n\t\t\t\t<div class=\"elementor-widget-container\">\n\t\t\t\t\t<div class=\"elementor-icon-box-wrapper\">\n\n\t\t\t\t\t\t<div class=\"elementor-icon-box-icon\">\n\t\t\t\t<span  class=\"elementor-icon elementor-animation-\">\n\t\t\t\t<svg xmlns=\"http:\/\/www.w3.org\/2000\/svg\" viewBox=\"0 0 1024 1024\"><path d=\"M928 128H96c-53 0-96 43-96 96v576c0 53 43 96 96 96h832c53 0 96-43 96-96V224c0-53-43-96-96-96zM96 192h832c17.6 0 32 14.4 32 32v82.8c-43.8 37-106.4 88-301.2 242.6C625 576.2 558.4 640.8 512 640c-46.4.8-113.2-63.8-146.8-90.6C170.4 394.8 107.8 343.8 64 306.8V224c0-17.6 14.4-32 32-32zm832 640H96c-17.6 0-32-14.4-32-32V390c45.6 37.4 117.6 95.2 261.4 209.4 41 32.8 113.4 105 186.6 104.6 72.8.6 144.6-71 186.6-104.6C842.4 485.2 914.4 427.4 960 390v410c0 17.6-14.4 32-32 32z\"><\/path><\/svg>\t\t\t\t<\/span>\n\t\t\t<\/div>\n\t\t\t\n\t\t\t\t\t\t<div class=\"elementor-icon-box-content\">\n\n\t\t\t\t\t\t\t\t\t<h3 class=\"elementor-icon-box-title\">\n\t\t\t\t\t\t<span  >\n\t\t\t\t\t\t\tE-Mail\t\t\t\t\t\t<\/span>\n\t\t\t\t\t<\/h3>\n\t\t\t\t\n\t\t\t\t\t\t\t\t\t<p class=\"elementor-icon-box-description\">\n\t\t\t\t\t\tdereevi@gmail.com\t\t\t\t\t<\/p>\n\t\t\t\t\n\t\t\t<\/div>\n\t\t\t\n\t\t<\/div>\n\t\t\t\t<\/div>\n\t\t\t\t<\/div>\n\t\t\t\t<div class=\"elementor-element elementor-element-8398ff2 elementor-view-default elementor-position-top elementor-mobile-position-top elementor-widget elementor-widget-icon-box\" data-id=\"8398ff2\" data-element_type=\"widget\" data-widget_type=\"icon-box.default\">\n\t\t\t\t<div class=\"elementor-widget-container\">\n\t\t\t\t\t<div class=\"elementor-icon-box-wrapper\">\n\n\t\t\t\t\t\t<div class=\"elementor-icon-box-icon\">\n\t\t\t\t<span  class=\"elementor-icon elementor-animation-\">\n\t\t\t\t<svg xmlns=\"http:\/\/www.w3.org\/2000\/svg\" viewBox=\"0 0 768 1024\"><path d=\"M384 192c-105.87 0-192 86.13-192 192s86.13 192 192 192 192-86.13 192-192-86.13-192-192-192zm0 320c-70.58 0-128-57.42-128-128s57.42-128 128-128 128 57.42 128 128-57.42 128-128 128zm0-512C171.922 0 0 171.922 0 384c0 154.826 53.94 198.062 344.536 619.34 19.068 27.544 59.858 27.548 78.93 0C714.06 582.062 768 538.826 768 384 768 171.922 596.078 0 384 0zm0 947.862C105.41 544.976 64 512.988 64 384c0-85.476 33.286-165.834 93.726-226.274S298.524 64 384 64s165.834 33.286 226.274 93.726S704 298.524 704 384c0 128.98-41.384 160.94-320 563.862z\"><\/path><\/svg>\t\t\t\t<\/span>\n\t\t\t<\/div>\n\t\t\t\n\t\t\t\t\t\t<div class=\"elementor-icon-box-content\">\n\n\t\t\t\t\t\t\t\t\t<h3 class=\"elementor-icon-box-title\">\n\t\t\t\t\t\t<span  >\n\t\t\t\t\t\t\tAddress\t\t\t\t\t\t<\/span>\n\t\t\t\t\t<\/h3>\n\t\t\t\t\n\t\t\t\t\t\t\t\t\t<p class=\"elementor-icon-box-description\">\n\t\t\t\t\t\tOn the Arde\u015fen \u00c7aml\u0131hem\u015fin Road, 5th km. Yama\u00e7dere Village Flat Area, Arde\u015fen \/ Rize\n\t\t\t\t\t<\/p>\n\t\t\t\t\n\t\t\t<\/div>\n\t\t\t\n\t\t<\/div>\n\t\t\t\t<\/div>\n\t\t\t\t<\/div>\n\t\t\t\t<\/div>\n\t\t<div class=\"elementor-element elementor-element-27b8dce e-con-full e-flex e-con e-child\" data-id=\"27b8dce\" data-element_type=\"container\">\n\t\t\t\t<div class=\"elementor-element elementor-element-e55f295 elementor-widget elementor-widget-heading\" data-id=\"e55f295\" data-element_type=\"widget\" data-widget_type=\"heading.default\">\n\t\t\t\t<div class=\"elementor-widget-container\">\n\t\t\t<h2 class=\"elementor-heading-title elementor-size-default\">Dere Evi - The Most Natural Form of Vacation\n<\/h2>\t\t<\/div>\n\t\t\t\t<\/div>\n\t\t\t\t<div class=\"elementor-element elementor-element-3d8e80c elementor-widget elementor-widget-text-editor\" data-id=\"3d8e80c\" data-element_type=\"widget\" data-widget_type=\"text-editor.default\">\n\t\t\t\t<div class=\"elementor-widget-container\">\n\t\t\t\t\t\t\tLocated on the edge of F\u0131rt\u0131na Valley, the wooden mansion offers the comfort of a breathable home. This house, where you can pick fresh vegetables and fruits from its carefully created garden, promises a peaceful holiday experience with the extraordinary view of the Ka\u00e7kar Mountains and the sound of the stream.\n\nAs Dere Evi, we offer you a unique holiday in our detached wooden mansion located at the foothills of the Ka\u00e7kar Mountains.\n\nOur location right next to F\u0131rt\u0131na Valley and F\u0131rt\u0131na River provides a peaceful environment surrounded by nature.\n\nWe are only a few minutes away from Hamidiye Beach and very close to world-famous natural beauties such as Ayder Plateau. Adrenaline-filled sports centers such as Rafting and Zipline are also located in our region.\n\nOur mansion, built with the unique architecture of the Black Sea, is ideal for you to collect unforgettable moments with your loved ones.\t\t\t\t\t\t<\/div>\n\t\t\t\t<\/div>\n\t\t\t\t<\/div>\n\t\t\t\t\t<\/div>\n\t\t\t\t<\/div>\n\t\t\t\t<\/div>\n\t\t","protected":false},"excerpt":{"rendered":"<p>Telephone +90 0542 770 2653 E-Mail dereevi@gmail.com Address On the Arde\u015fen \u00c7aml\u0131hem\u015fin Road, 5th km. Yama\u00e7dere Village Flat Area, Arde\u015fen \/ Rize Dere Evi &#8211; The Most Natural Form of Vacation Located on the edge of F\u0131rt\u0131na Valley, the wooden mansion offers the comfort of a breathable home. This house, where you can pick fresh [&hellip;]<\/p>\n","protected":false},"author":1,"featured_media":1533,"parent":0,"menu_order":0,"comment_status":"closed","ping_status":"closed","template":"","meta":{"footnotes":""},"class_list":["post-1038","page","type-page","status-publish","has-post-thumbnail","hentry"],"blocksy_meta":{"has_hero_section":"disabled","vertical_spacing_source":"custom","content_area_spacing":"none","styles_descriptor":{"styles":{"desktop":"","tablet":"","mobile":""},"google_fonts":[],"version":6}},"yoast_head":"<!-- This site is optimized with the Yoast SEO Premium plugin v23.4 (Yoast SEO v23.5) - https:\/\/yoast.com\/wordpress\/plugins\/seo\/ -->\n<title>Contact - Dere Evi<\/title>\n<meta name=\"description\" content=\"Contact Dere Evi. Located on the edge of F\u0131rt\u0131na Valley, the wooden mansion offers the comfort of a breathable home.\" \/>\n<meta name=\"robots\" content=\"index, follow, max-snippet:-1, max-image-preview:large, max-video-preview:-1\" \/>\n<link rel=\"canonical\" href=\"https:\/\/dereevi.com\/en\/contact\/\" \/>\n<meta property=\"og:locale\" content=\"tr_TR\" \/>\n<meta property=\"og:type\" content=\"article\" \/>\n<meta property=\"og:title\" content=\"Contact\" \/>\n<meta property=\"og:description\" content=\"Contact Dere Evi. Located on the edge of F\u0131rt\u0131na Valley, the wooden mansion offers the comfort of a breathable home.\" \/>\n<meta property=\"og:url\" content=\"https:\/\/dereevi.com\/en\/contact\/\" \/>\n<meta property=\"og:site_name\" content=\"Dere Evi\" \/>\n<meta property=\"article:modified_time\" content=\"2024-12-13T15:38:47+00:00\" \/>\n<meta property=\"og:image\" content=\"https:\/\/dereevi.com\/en\/wp-content\/uploads\/2024\/09\/bahce-1.png\" \/>\n\t<meta property=\"og:image:width\" content=\"900\" \/>\n\t<meta property=\"og:image:height\" content=\"900\" \/>\n\t<meta property=\"og:image:type\" content=\"image\/png\" \/>\n<meta name=\"twitter:card\" content=\"summary_large_image\" \/>\n<meta name=\"twitter:label1\" content=\"Tahmini okuma s\u00fcresi\" \/>\n\t<meta name=\"twitter:data1\" content=\"2 dakika\" \/>\n<script type=\"application\/ld+json\" class=\"yoast-schema-graph\">{\"@context\":\"https:\/\/schema.org\",\"@graph\":[{\"@type\":\"WebPage\",\"@id\":\"https:\/\/dereevi.com\/en\/contact\/\",\"url\":\"https:\/\/dereevi.com\/en\/contact\/\",\"name\":\"Contact - Dere Evi\",\"isPartOf\":{\"@id\":\"https:\/\/dereevi.com\/en\/#website\"},\"primaryImageOfPage\":{\"@id\":\"https:\/\/dereevi.com\/en\/contact\/#primaryimage\"},\"image\":{\"@id\":\"https:\/\/dereevi.com\/en\/contact\/#primaryimage\"},\"thumbnailUrl\":\"https:\/\/dereevi.com\/en\/wp-content\/uploads\/2024\/09\/bahce-1.png\",\"datePublished\":\"2024-02-10T13:43:18+00:00\",\"dateModified\":\"2024-12-13T15:38:47+00:00\",\"description\":\"Contact Dere Evi. Located on the edge of F\u0131rt\u0131na Valley, the wooden mansion offers the comfort of a breathable home.\",\"breadcrumb\":{\"@id\":\"https:\/\/dereevi.com\/en\/contact\/#breadcrumb\"},\"inLanguage\":\"tr\",\"potentialAction\":[{\"@type\":\"ReadAction\",\"target\":[\"https:\/\/dereevi.com\/en\/contact\/\"]}]},{\"@type\":\"ImageObject\",\"inLanguage\":\"tr\",\"@id\":\"https:\/\/dereevi.com\/en\/contact\/#primaryimage\",\"url\":\"https:\/\/dereevi.com\/en\/wp-content\/uploads\/2024\/09\/bahce-1.png\",\"contentUrl\":\"https:\/\/dereevi.com\/en\/wp-content\/uploads\/2024\/09\/bahce-1.png\",\"width\":900,\"height\":900},{\"@type\":\"BreadcrumbList\",\"@id\":\"https:\/\/dereevi.com\/en\/contact\/#breadcrumb\",\"itemListElement\":[{\"@type\":\"ListItem\",\"position\":1,\"name\":\"Anasayfa\",\"item\":\"https:\/\/dereevi.com\/en\/\"},{\"@type\":\"ListItem\",\"position\":2,\"name\":\"Contact\"}]},{\"@type\":\"WebSite\",\"@id\":\"https:\/\/dereevi.com\/en\/#website\",\"url\":\"https:\/\/dereevi.com\/en\/\",\"name\":\"Dere Evi\",\"description\":\"Tatilin En Do\u011fal Hali\",\"publisher\":{\"@id\":\"https:\/\/dereevi.com\/en\/#organization\"},\"potentialAction\":[{\"@type\":\"SearchAction\",\"target\":{\"@type\":\"EntryPoint\",\"urlTemplate\":\"https:\/\/dereevi.com\/en\/?s={search_term_string}\"},\"query-input\":{\"@type\":\"PropertyValueSpecification\",\"valueRequired\":true,\"valueName\":\"search_term_string\"}}],\"inLanguage\":\"tr\"},{\"@type\":\"Organization\",\"@id\":\"https:\/\/dereevi.com\/en\/#organization\",\"name\":\"Dere Evi\",\"url\":\"https:\/\/dereevi.com\/en\/\",\"logo\":{\"@type\":\"ImageObject\",\"inLanguage\":\"tr\",\"@id\":\"https:\/\/dereevi.com\/en\/#\/schema\/logo\/image\/\",\"url\":\"https:\/\/dereevi.com\/en\/wp-content\/uploads\/2024\/09\/dereevi.png\",\"contentUrl\":\"https:\/\/dereevi.com\/en\/wp-content\/uploads\/2024\/09\/dereevi.png\",\"width\":502,\"height\":502,\"caption\":\"Dere Evi\"},\"image\":{\"@id\":\"https:\/\/dereevi.com\/en\/#\/schema\/logo\/image\/\"}}]}<\/script>\n<!-- \/ Yoast SEO Premium plugin. -->","yoast_head_json":{"title":"Contact - Dere Evi","description":"Contact Dere Evi. Located on the edge of F\u0131rt\u0131na Valley, the wooden mansion offers the comfort of a breathable home.","robots":{"index":"index","follow":"follow","max-snippet":"max-snippet:-1","max-image-preview":"max-image-preview:large","max-video-preview":"max-video-preview:-1"},"canonical":"https:\/\/dereevi.com\/en\/contact\/","og_locale":"tr_TR","og_type":"article","og_title":"Contact","og_description":"Contact Dere Evi. Located on the edge of F\u0131rt\u0131na Valley, the wooden mansion offers the comfort of a breathable home.","og_url":"https:\/\/dereevi.com\/en\/contact\/","og_site_name":"Dere Evi","article_modified_time":"2024-12-13T15:38:47+00:00","og_image":[{"width":900,"height":900,"url":"https:\/\/dereevi.com\/en\/wp-content\/uploads\/2024\/09\/bahce-1.png","type":"image\/png"}],"twitter_card":"summary_large_image","twitter_misc":{"Tahmini okuma s\u00fcresi":"2 dakika"},"schema":{"@context":"https:\/\/schema.org","@graph":[{"@type":"WebPage","@id":"https:\/\/dereevi.com\/en\/contact\/","url":"https:\/\/dereevi.com\/en\/contact\/","name":"Contact - Dere Evi","isPartOf":{"@id":"https:\/\/dereevi.com\/en\/#website"},"primaryImageOfPage":{"@id":"https:\/\/dereevi.com\/en\/contact\/#primaryimage"},"image":{"@id":"https:\/\/dereevi.com\/en\/contact\/#primaryimage"},"thumbnailUrl":"https:\/\/dereevi.com\/en\/wp-content\/uploads\/2024\/09\/bahce-1.png","datePublished":"2024-02-10T13:43:18+00:00","dateModified":"2024-12-13T15:38:47+00:00","description":"Contact Dere Evi. Located on the edge of F\u0131rt\u0131na Valley, the wooden mansion offers the comfort of a breathable home.","breadcrumb":{"@id":"https:\/\/dereevi.com\/en\/contact\/#breadcrumb"},"inLanguage":"tr","potentialAction":[{"@type":"ReadAction","target":["https:\/\/dereevi.com\/en\/contact\/"]}]},{"@type":"ImageObject","inLanguage":"tr","@id":"https:\/\/dereevi.com\/en\/contact\/#primaryimage","url":"https:\/\/dereevi.com\/en\/wp-content\/uploads\/2024\/09\/bahce-1.png","contentUrl":"https:\/\/dereevi.com\/en\/wp-content\/uploads\/2024\/09\/bahce-1.png","width":900,"height":900},{"@type":"BreadcrumbList","@id":"https:\/\/dereevi.com\/en\/contact\/#breadcrumb","itemListElement":[{"@type":"ListItem","position":1,"name":"Anasayfa","item":"https:\/\/dereevi.com\/en\/"},{"@type":"ListItem","position":2,"name":"Contact"}]},{"@type":"WebSite","@id":"https:\/\/dereevi.com\/en\/#website","url":"https:\/\/dereevi.com\/en\/","name":"Dere Evi","description":"Tatilin En Do\u011fal Hali","publisher":{"@id":"https:\/\/dereevi.com\/en\/#organization"},"potentialAction":[{"@type":"SearchAction","target":{"@type":"EntryPoint","urlTemplate":"https:\/\/dereevi.com\/en\/?s={search_term_string}"},"query-input":{"@type":"PropertyValueSpecification","valueRequired":true,"valueName":"search_term_string"}}],"inLanguage":"tr"},{"@type":"Organization","@id":"https:\/\/dereevi.com\/en\/#organization","name":"Dere Evi","url":"https:\/\/dereevi.com\/en\/","logo":{"@type":"ImageObject","inLanguage":"tr","@id":"https:\/\/dereevi.com\/en\/#\/schema\/logo\/image\/","url":"https:\/\/dereevi.com\/en\/wp-content\/uploads\/2024\/09\/dereevi.png","contentUrl":"https:\/\/dereevi.com\/en\/wp-content\/uploads\/2024\/09\/dereevi.png","width":502,"height":502,"caption":"Dere Evi"},"image":{"@id":"https:\/\/dereevi.com\/en\/#\/schema\/logo\/image\/"}}]}},"_links":{"self":[{"href":"https:\/\/dereevi.com\/en\/wp-json\/wp\/v2\/pages\/1038","targetHints":{"allow":["GET"]}}],"collection":[{"href":"https:\/\/dereevi.com\/en\/wp-json\/wp\/v2\/pages"}],"about":[{"href":"https:\/\/dereevi.com\/en\/wp-json\/wp\/v2\/types\/page"}],"author":[{"embeddable":true,"href":"https:\/\/dereevi.com\/en\/wp-json\/wp\/v2\/users\/1"}],"replies":[{"embeddable":true,"href":"https:\/\/dereevi.com\/en\/wp-json\/wp\/v2\/comments?post=1038"}],"version-history":[{"count":11,"href":"https:\/\/dereevi.com\/en\/wp-json\/wp\/v2\/pages\/1038\/revisions"}],"predecessor-version":[{"id":1612,"href":"https:\/\/dereevi.com\/en\/wp-json\/wp\/v2\/pages\/1038\/revisions\/1612"}],"wp:featuredmedia":[{"embeddable":true,"href":"https:\/\/dereevi.com\/en\/wp-json\/wp\/v2\/media\/1533"}],"wp:attachment":[{"href":"https:\/\/dereevi.com\/en\/wp-json\/wp\/v2\/media?parent=1038"}],"curies":[{"name":"wp","href":"https:\/\/api.w.org\/{rel}","templated":true}]}}