{"id":1034,"date":"2024-02-10T13:42:35","date_gmt":"2024-02-10T13:42:35","guid":{"rendered":"https:\/\/startersites.io\/elementor\/smile-dent\/?page_id=1034"},"modified":"2024-12-13T15:43:45","modified_gmt":"2024-12-13T15:43:45","slug":"about-us","status":"publish","type":"page","link":"https:\/\/dereevi.com\/en\/about-us\/","title":{"rendered":"About Us"},"content":{"rendered":"\t\t<div data-elementor-type=\"wp-page\" data-elementor-id=\"1034\" class=\"elementor elementor-1034\" data-elementor-post-type=\"page\">\n\t\t\t\t<div class=\"elementor-element elementor-element-21fc403 e-flex e-con-boxed e-con e-parent\" data-id=\"21fc403\" data-element_type=\"container\">\n\t\t\t\t\t<div class=\"e-con-inner\">\n\t\t<div class=\"elementor-element elementor-element-3b99d1b e-flex e-con-boxed e-con e-child\" data-id=\"3b99d1b\" data-element_type=\"container\" data-settings=\"{&quot;background_background&quot;:&quot;classic&quot;}\">\n\t\t\t\t\t<div class=\"e-con-inner\">\n\t\t<div class=\"elementor-element elementor-element-808fb92 e-con-full e-flex e-con e-child\" data-id=\"808fb92\" data-element_type=\"container\">\n\t\t\t\t<div class=\"elementor-element elementor-element-1b05e13 elementor-widget elementor-widget-shortcode\" data-id=\"1b05e13\" data-element_type=\"widget\" data-widget_type=\"shortcode.default\">\n\t\t\t\t<div class=\"elementor-widget-container\">\n\t\t\t\t\t<div class=\"elementor-shortcode\"><\/div>\n\t\t\t\t<\/div>\n\t\t\t\t<\/div>\n\t\t\t\t<div class=\"elementor-element elementor-element-69e14f5 elementor-widget elementor-widget-heading\" data-id=\"69e14f5\" data-element_type=\"widget\" data-widget_type=\"heading.default\">\n\t\t\t\t<div class=\"elementor-widget-container\">\n\t\t\t<h2 class=\"elementor-heading-title elementor-size-default\">ABOUT US<\/h2>\t\t<\/div>\n\t\t\t\t<\/div>\n\t\t\t\t<div class=\"elementor-element elementor-element-7fca67a elementor-widget elementor-widget-text-editor\" data-id=\"7fca67a\" data-element_type=\"widget\" data-widget_type=\"text-editor.default\">\n\t\t\t\t<div class=\"elementor-widget-container\">\n\t\t\t\t\t\t\tLocated on the edge of F\u0131rt\u0131na Valley, the wooden mansion offers the comfort of a breathable home. This house, where you can pick fresh vegetables and fruits from its carefully created garden, promises a peaceful holiday experience with the extraordinary view of the Ka\u00e7kar Mountains and the sound of the stream.\n\t\t\t\t\t\t<\/div>\n\t\t\t\t<\/div>\n\t\t\t\t<\/div>\n\t\t<div class=\"elementor-element elementor-element-ee88ee0 e-con-full e-flex e-con e-child\" data-id=\"ee88ee0\" data-element_type=\"container\">\n\t\t\t\t<div class=\"elementor-element elementor-element-876b21e elementor-widget elementor-widget-image\" data-id=\"876b21e\" data-element_type=\"widget\" data-widget_type=\"image.default\">\n\t\t\t\t<div class=\"elementor-widget-container\">\n\t\t\t\t\t\t\t\t\t\t\t\t\t<img fetchpriority=\"high\" decoding=\"async\" width=\"900\" height=\"900\" src=\"https:\/\/dereevi.com\/en\/wp-content\/uploads\/2024\/09\/veranda.png\" class=\"attachment-large size-large wp-image-1538\" alt=\"\" srcset=\"https:\/\/dereevi.com\/en\/wp-content\/uploads\/2024\/09\/veranda.png 900w, https:\/\/dereevi.com\/en\/wp-content\/uploads\/2024\/09\/veranda-300x300.png 300w, https:\/\/dereevi.com\/en\/wp-content\/uploads\/2024\/09\/veranda-150x150.png 150w, https:\/\/dereevi.com\/en\/wp-content\/uploads\/2024\/09\/veranda-768x768.png 768w\" sizes=\"(max-width: 900px) 100vw, 900px\" \/>\t\t\t\t\t\t\t\t\t\t\t\t\t<\/div>\n\t\t\t\t<\/div>\n\t\t\t\t<\/div>\n\t\t\t\t\t<\/div>\n\t\t\t\t<\/div>\n\t\t\t\t\t<\/div>\n\t\t\t\t<\/div>\n\t\t<div class=\"elementor-element elementor-element-d87e36d e-flex e-con-boxed e-con e-parent\" data-id=\"d87e36d\" data-element_type=\"container\">\n\t\t\t\t\t<div class=\"e-con-inner\">\n\t\t<div class=\"elementor-element elementor-element-bfa79ff e-con-full e-flex e-con e-child\" data-id=\"bfa79ff\" data-element_type=\"container\">\n\t\t\t\t<div class=\"elementor-element elementor-element-81b4544 elementor-widget elementor-widget-heading\" data-id=\"81b4544\" data-element_type=\"widget\" data-widget_type=\"heading.default\">\n\t\t\t\t<div class=\"elementor-widget-container\">\n\t\t\t<h2 class=\"elementor-heading-title elementor-size-default\">DERE EV\u0130 WOODEN MANSION\n<\/h2>\t\t<\/div>\n\t\t\t\t<\/div>\n\t\t\t\t<div class=\"elementor-element elementor-element-1f8bb59 elementor-widget elementor-widget-text-editor\" data-id=\"1f8bb59\" data-element_type=\"widget\" data-widget_type=\"text-editor.default\">\n\t\t\t\t<div class=\"elementor-widget-container\">\n\t\t\t\t\t\t\tAs Dere Evi, we offer you a unique holiday in our detached wooden mansion located at the foothills of the Ka\u00e7kar Mountains.\n\nOur location right next to F\u0131rt\u0131na Valley and F\u0131rt\u0131na River provides a peaceful environment surrounded by nature.\n\nWe are only a few minutes away from Hamidiye Beach and very close to world-famous natural beauties such as Ayder Plateau. Adrenaline-filled sports centers such as Rafting and Zipline are also located in our region.\n\nOur mansion, built with the unique architecture of the Black Sea, is ideal for you to collect unforgettable moments with your loved ones.\t\t\t\t\t\t<\/div>\n\t\t\t\t<\/div>\n\t\t\t\t<div class=\"elementor-element elementor-element-8c0fbc2 elementor-widget elementor-widget-button\" data-id=\"8c0fbc2\" data-element_type=\"widget\" data-widget_type=\"button.default\">\n\t\t\t\t<div class=\"elementor-widget-container\">\n\t\t\t\t\t<div class=\"elementor-button-wrapper\">\n\t\t\t<a class=\"elementor-button elementor-button-link elementor-size-sm\" href=\"https:\/\/wa.me\/905427702653\">\n\t\t\t\t\t\t<span class=\"elementor-button-content-wrapper\">\n\t\t\t\t\t\t\t\t\t<span class=\"elementor-button-text\">WHATSAPP BOOKING<\/span>\n\t\t\t\t\t<\/span>\n\t\t\t\t\t<\/a>\n\t\t<\/div>\n\t\t\t\t<\/div>\n\t\t\t\t<\/div>\n\t\t\t\t<\/div>\n\t\t<div class=\"elementor-element elementor-element-3d95ab5 e-con-full e-flex e-con e-child\" data-id=\"3d95ab5\" data-element_type=\"container\" data-settings=\"{&quot;background_background&quot;:&quot;classic&quot;}\">\n\t\t\t\t<\/div>\n\t\t\t\t\t<\/div>\n\t\t\t\t<\/div>\n\t\t<div class=\"elementor-element elementor-element-aa30ad0 e-flex e-con-boxed e-con e-parent\" data-id=\"aa30ad0\" data-element_type=\"container\">\n\t\t\t\t\t<div class=\"e-con-inner\">\n\t\t<div class=\"elementor-element elementor-element-43f0ffd e-flex e-con-boxed e-con e-child\" data-id=\"43f0ffd\" data-element_type=\"container\" data-settings=\"{&quot;background_background&quot;:&quot;classic&quot;}\">\n\t\t\t\t\t<div class=\"e-con-inner\">\n\t\t<div class=\"elementor-element elementor-element-bc0a40e e-con-full e-flex e-con e-child\" data-id=\"bc0a40e\" data-element_type=\"container\" data-settings=\"{&quot;background_background&quot;:&quot;classic&quot;}\">\n\t\t\t\t<\/div>\n\t\t<div class=\"elementor-element elementor-element-06f8c1c e-flex e-con-boxed e-con e-child\" data-id=\"06f8c1c\" data-element_type=\"container\">\n\t\t\t\t\t<div class=\"e-con-inner\">\n\t\t<div class=\"elementor-element elementor-element-f80d03c e-flex e-con-boxed e-con e-child\" data-id=\"f80d03c\" data-element_type=\"container\">\n\t\t\t\t\t<div class=\"e-con-inner\">\n\t\t<div class=\"elementor-element elementor-element-60c9d98 e-flex e-con-boxed e-con e-child\" data-id=\"60c9d98\" data-element_type=\"container\">\n\t\t\t\t\t<div class=\"e-con-inner\">\n\t\t\t\t<div class=\"elementor-element elementor-element-2746b69 elementor-widget elementor-widget-text-editor\" data-id=\"2746b69\" data-element_type=\"widget\" data-widget_type=\"text-editor.default\">\n\t\t\t\t<div class=\"elementor-widget-container\">\n\t\t\t\t\t\t\tDERE EV\u0130\t\t\t\t\t\t<\/div>\n\t\t\t\t<\/div>\n\t\t\t\t\t<\/div>\n\t\t\t\t<\/div>\n\t\t\t\t<div class=\"elementor-element elementor-element-6f8626c elementor-widget elementor-widget-text-editor\" data-id=\"6f8626c\" data-element_type=\"widget\" data-widget_type=\"text-editor.default\">\n\t\t\t\t<div class=\"elementor-widget-container\">\n\t\t\t\t\t\t\tLocated on the edge of F\u0131rt\u0131na Valley, the wooden mansion offers the comfort of a breathable home. This house, where you can pick fresh vegetables and fruits from its carefully created garden, promises a peaceful holiday experience with the extraordinary view of the Ka\u00e7kar Mountains and the sound of the stream.\n\t\t\t\t\t\t<\/div>\n\t\t\t\t<\/div>\n\t\t\t\t\t<\/div>\n\t\t\t\t<\/div>\n\t\t<div class=\"elementor-element elementor-element-d485229 e-flex e-con-boxed e-con e-child\" data-id=\"d485229\" data-element_type=\"container\">\n\t\t\t\t\t<div class=\"e-con-inner\">\n\t\t<div class=\"elementor-element elementor-element-3b55573 e-flex e-con-boxed e-con e-child\" data-id=\"3b55573\" data-element_type=\"container\">\n\t\t\t\t\t<div class=\"e-con-inner\">\n\t\t\t\t<div class=\"elementor-element elementor-element-fbda178 elementor-widget elementor-widget-text-editor\" data-id=\"fbda178\" data-element_type=\"widget\" data-widget_type=\"text-editor.default\">\n\t\t\t\t<div class=\"elementor-widget-container\">\n\t\t\t\t\t\t\tRuba ROOM\t\t\t\t\t\t<\/div>\n\t\t\t\t<\/div>\n\t\t\t\t\t<\/div>\n\t\t\t\t<\/div>\n\t\t\t\t<div class=\"elementor-element elementor-element-acf65e8 elementor-widget elementor-widget-text-editor\" data-id=\"acf65e8\" data-element_type=\"widget\" data-widget_type=\"text-editor.default\">\n\t\t\t\t<div class=\"elementor-widget-container\">\n\t\t\t\t\t\t\tThe \u201cRuba Room\u201d, which provides a direct terrace view of the stream, is located on the upper floor of the house. In addition to being the largest room in the house, it has a separate door to the balcony. In this room, where you can see the stream even when you lie down on your bed, enjoy the comfort and at the same time have the most unforgettable experiences by watching the view of the Ka\u00e7kar Mountains and the F\u0131rt\u0131na Stream.\n\t\t\t\t\t\t<\/div>\n\t\t\t\t<\/div>\n\t\t\t\t\t<\/div>\n\t\t\t\t<\/div>\n\t\t<div class=\"elementor-element elementor-element-8747df5 e-flex e-con-boxed e-con e-child\" data-id=\"8747df5\" data-element_type=\"container\">\n\t\t\t\t\t<div class=\"e-con-inner\">\n\t\t<div class=\"elementor-element elementor-element-5b335a8 e-flex e-con-boxed e-con e-child\" data-id=\"5b335a8\" data-element_type=\"container\">\n\t\t\t\t\t<div class=\"e-con-inner\">\n\t\t\t\t<div class=\"elementor-element elementor-element-e8742a1 elementor-widget elementor-widget-text-editor\" data-id=\"e8742a1\" data-element_type=\"widget\" data-widget_type=\"text-editor.default\">\n\t\t\t\t<div class=\"elementor-widget-container\">\n\t\t\t\t\t\t\tYAYLA ROOM\t\t\t\t\t\t<\/div>\n\t\t\t\t<\/div>\n\t\t\t\t\t<\/div>\n\t\t\t\t<\/div>\n\t\t\t\t<div class=\"elementor-element elementor-element-4152e3e elementor-widget elementor-widget-text-editor\" data-id=\"4152e3e\" data-element_type=\"widget\" data-widget_type=\"text-editor.default\">\n\t\t\t\t<div class=\"elementor-widget-container\">\n\t\t\t\t\t\t\tThe Ruba Room and the \u201cYayla Room\u201d right next to it are on the upper floor of the house, with a terrace view and a door leading directly to the balcony. In addition to being the room where you can hear the sound of the stream in the best way, you can feel yourself in the middle of authenticity and nature due to the structure of the room.\n\t\t\t\t\t\t<\/div>\n\t\t\t\t<\/div>\n\t\t\t\t\t<\/div>\n\t\t\t\t<\/div>\n\t\t\t\t\t<\/div>\n\t\t\t\t<\/div>\n\t\t\t\t\t<\/div>\n\t\t\t\t<\/div>\n\t\t\t\t\t<\/div>\n\t\t\t\t<\/div>\n\t\t<div class=\"elementor-element elementor-element-53b7f06 e-flex e-con-boxed e-con e-parent\" data-id=\"53b7f06\" data-element_type=\"container\" data-settings=\"{&quot;background_background&quot;:&quot;gradient&quot;}\">\n\t\t\t\t\t<div class=\"e-con-inner\">\n\t\t<div class=\"elementor-element elementor-element-48a6fd3 e-flex e-con-boxed e-con e-child\" data-id=\"48a6fd3\" data-element_type=\"container\" data-settings=\"{&quot;background_background&quot;:&quot;classic&quot;}\">\n\t\t\t\t\t<div class=\"e-con-inner\">\n\t\t<div class=\"elementor-element elementor-element-4574ed9 e-con-full e-flex e-con e-child\" data-id=\"4574ed9\" data-element_type=\"container\">\n\t\t\t\t<div class=\"elementor-element elementor-element-7912f87 elementor-widget elementor-widget-heading\" data-id=\"7912f87\" data-element_type=\"widget\" data-widget_type=\"heading.default\">\n\t\t\t\t<div class=\"elementor-widget-container\">\n\t\t\t<h3 class=\"elementor-heading-title elementor-size-default\">DON'T MISS THE EARLY BOOKING OPPORTUNITY!\n<\/h3>\t\t<\/div>\n\t\t\t\t<\/div>\n\t\t\t\t<\/div>\n\t\t<div class=\"elementor-element elementor-element-2b329cd e-con-full e-flex e-con e-child\" data-id=\"2b329cd\" data-element_type=\"container\">\n\t\t\t\t<div class=\"elementor-element elementor-element-e0f874b elementor-align-center elementor-widget__width-initial elementor-widget elementor-widget-button\" data-id=\"e0f874b\" data-element_type=\"widget\" data-widget_type=\"button.default\">\n\t\t\t\t<div class=\"elementor-widget-container\">\n\t\t\t\t\t<div class=\"elementor-button-wrapper\">\n\t\t\t<a class=\"elementor-button elementor-button-link elementor-size-sm\" href=\"https:\/\/www.airbnb.com.tr\/rooms\/47196788\">\n\t\t\t\t\t\t<span class=\"elementor-button-content-wrapper\">\n\t\t\t\t\t\t<span class=\"elementor-button-icon\">\n\t\t\t\t<svg xmlns=\"http:\/\/www.w3.org\/2000\/svg\" viewBox=\"0 0 24 24\"><path fill-rule=\"evenodd\" d=\"M24 0v22.78h-2.87V4.9L2.03 24 0 21.97l19.1-19.1H1.26V0H24Z\"><\/path><\/svg>\t\t\t<\/span>\n\t\t\t\t\t\t\t\t\t<span class=\"elementor-button-text\">Airbnb Reservation<\/span>\n\t\t\t\t\t<\/span>\n\t\t\t\t\t<\/a>\n\t\t<\/div>\n\t\t\t\t<\/div>\n\t\t\t\t<\/div>\n\t\t\t\t<div class=\"elementor-element elementor-element-2fd8914 elementor-widget__width-initial elementor-widget elementor-widget-button\" data-id=\"2fd8914\" data-element_type=\"widget\" data-widget_type=\"button.default\">\n\t\t\t\t<div class=\"elementor-widget-container\">\n\t\t\t\t\t<div class=\"elementor-button-wrapper\">\n\t\t\t<a class=\"elementor-button elementor-button-link elementor-size-sm\" href=\"https:\/\/www.booking.com\/hotel\/tr\/dere-evi-rize.html\">\n\t\t\t\t\t\t<span class=\"elementor-button-content-wrapper\">\n\t\t\t\t\t\t<span class=\"elementor-button-icon\">\n\t\t\t\t<svg xmlns=\"http:\/\/www.w3.org\/2000\/svg\" viewBox=\"0 0 24 24\"><path fill-rule=\"evenodd\" d=\"M24 0v22.78h-2.87V4.9L2.03 24 0 21.97l19.1-19.1H1.26V0H24Z\"><\/path><\/svg>\t\t\t<\/span>\n\t\t\t\t\t\t\t\t\t<span class=\"elementor-button-text\">Booking.com Reservation<\/span>\n\t\t\t\t\t<\/span>\n\t\t\t\t\t<\/a>\n\t\t<\/div>\n\t\t\t\t<\/div>\n\t\t\t\t<\/div>\n\t\t\t\t<\/div>\n\t\t\t\t\t<\/div>\n\t\t\t\t<\/div>\n\t\t\t\t\t<\/div>\n\t\t\t\t<\/div>\n\t\t\t\t<\/div>\n\t\t","protected":false},"excerpt":{"rendered":"<p>ABOUT US Located on the edge of F\u0131rt\u0131na Valley, the wooden mansion offers the comfort of a breathable home. This house, where you can pick fresh vegetables and fruits from its carefully created garden, promises a peaceful holiday experience with the extraordinary view of the Ka\u00e7kar Mountains and the sound of the stream. DERE EV\u0130 [&hellip;]<\/p>\n","protected":false},"author":1,"featured_media":1538,"parent":0,"menu_order":0,"comment_status":"closed","ping_status":"closed","template":"","meta":{"footnotes":""},"class_list":["post-1034","page","type-page","status-publish","has-post-thumbnail","hentry"],"blocksy_meta":{"has_hero_section":"disabled","vertical_spacing_source":"custom","content_area_spacing":"none","styles_descriptor":{"styles":{"desktop":"","tablet":"","mobile":""},"google_fonts":[],"version":6}},"yoast_head":"<!-- This site is optimized with the Yoast SEO Premium plugin v23.4 (Yoast SEO v23.5) - https:\/\/yoast.com\/wordpress\/plugins\/seo\/ -->\n<title>About Us - Dere Evi<\/title>\n<meta name=\"description\" content=\"About Us Dere Evi. F\u0131rt\u0131na Deresi kenar\u0131nda, Ka\u00e7kar Da\u011flar\u0131 eteklerinde yer alan m\u00fcstakil ah\u015fap kona\u011f\u0131m\u0131zda e\u015fsiz bir tatil sunuyoruz.\" \/>\n<meta name=\"robots\" content=\"index, follow, max-snippet:-1, max-image-preview:large, max-video-preview:-1\" \/>\n<link rel=\"canonical\" href=\"https:\/\/dereevi.com\/en\/about-us\/\" \/>\n<meta property=\"og:locale\" content=\"tr_TR\" \/>\n<meta property=\"og:type\" content=\"article\" \/>\n<meta property=\"og:title\" content=\"About Us\" \/>\n<meta property=\"og:description\" content=\"About Us Dere Evi. F\u0131rt\u0131na Deresi kenar\u0131nda, Ka\u00e7kar Da\u011flar\u0131 eteklerinde yer alan m\u00fcstakil ah\u015fap kona\u011f\u0131m\u0131zda e\u015fsiz bir tatil sunuyoruz.\" \/>\n<meta property=\"og:url\" content=\"https:\/\/dereevi.com\/en\/about-us\/\" \/>\n<meta property=\"og:site_name\" content=\"Dere Evi\" \/>\n<meta property=\"article:modified_time\" content=\"2024-12-13T15:43:45+00:00\" \/>\n<meta property=\"og:image\" content=\"https:\/\/dereevi.com\/en\/wp-content\/uploads\/2024\/09\/veranda.png\" \/>\n\t<meta property=\"og:image:width\" content=\"900\" \/>\n\t<meta property=\"og:image:height\" content=\"900\" \/>\n\t<meta property=\"og:image:type\" content=\"image\/png\" \/>\n<meta name=\"twitter:card\" content=\"summary_large_image\" \/>\n<meta name=\"twitter:label1\" content=\"Tahmini okuma s\u00fcresi\" \/>\n\t<meta name=\"twitter:data1\" content=\"3 dakika\" \/>\n<script type=\"application\/ld+json\" class=\"yoast-schema-graph\">{\"@context\":\"https:\/\/schema.org\",\"@graph\":[{\"@type\":\"WebPage\",\"@id\":\"https:\/\/dereevi.com\/en\/about-us\/\",\"url\":\"https:\/\/dereevi.com\/en\/about-us\/\",\"name\":\"About Us - Dere Evi\",\"isPartOf\":{\"@id\":\"https:\/\/dereevi.com\/en\/#website\"},\"primaryImageOfPage\":{\"@id\":\"https:\/\/dereevi.com\/en\/about-us\/#primaryimage\"},\"image\":{\"@id\":\"https:\/\/dereevi.com\/en\/about-us\/#primaryimage\"},\"thumbnailUrl\":\"https:\/\/dereevi.com\/en\/wp-content\/uploads\/2024\/09\/veranda.png\",\"datePublished\":\"2024-02-10T13:42:35+00:00\",\"dateModified\":\"2024-12-13T15:43:45+00:00\",\"description\":\"About Us Dere Evi. F\u0131rt\u0131na Deresi kenar\u0131nda, Ka\u00e7kar Da\u011flar\u0131 eteklerinde yer alan m\u00fcstakil ah\u015fap kona\u011f\u0131m\u0131zda e\u015fsiz bir tatil sunuyoruz.\",\"breadcrumb\":{\"@id\":\"https:\/\/dereevi.com\/en\/about-us\/#breadcrumb\"},\"inLanguage\":\"tr\",\"potentialAction\":[{\"@type\":\"ReadAction\",\"target\":[\"https:\/\/dereevi.com\/en\/about-us\/\"]}]},{\"@type\":\"ImageObject\",\"inLanguage\":\"tr\",\"@id\":\"https:\/\/dereevi.com\/en\/about-us\/#primaryimage\",\"url\":\"https:\/\/dereevi.com\/en\/wp-content\/uploads\/2024\/09\/veranda.png\",\"contentUrl\":\"https:\/\/dereevi.com\/en\/wp-content\/uploads\/2024\/09\/veranda.png\",\"width\":900,\"height\":900},{\"@type\":\"BreadcrumbList\",\"@id\":\"https:\/\/dereevi.com\/en\/about-us\/#breadcrumb\",\"itemListElement\":[{\"@type\":\"ListItem\",\"position\":1,\"name\":\"Anasayfa\",\"item\":\"https:\/\/dereevi.com\/en\/\"},{\"@type\":\"ListItem\",\"position\":2,\"name\":\"About Us\"}]},{\"@type\":\"WebSite\",\"@id\":\"https:\/\/dereevi.com\/en\/#website\",\"url\":\"https:\/\/dereevi.com\/en\/\",\"name\":\"Dere Evi\",\"description\":\"Tatilin En Do\u011fal Hali\",\"publisher\":{\"@id\":\"https:\/\/dereevi.com\/en\/#organization\"},\"potentialAction\":[{\"@type\":\"SearchAction\",\"target\":{\"@type\":\"EntryPoint\",\"urlTemplate\":\"https:\/\/dereevi.com\/en\/?s={search_term_string}\"},\"query-input\":{\"@type\":\"PropertyValueSpecification\",\"valueRequired\":true,\"valueName\":\"search_term_string\"}}],\"inLanguage\":\"tr\"},{\"@type\":\"Organization\",\"@id\":\"https:\/\/dereevi.com\/en\/#organization\",\"name\":\"Dere Evi\",\"url\":\"https:\/\/dereevi.com\/en\/\",\"logo\":{\"@type\":\"ImageObject\",\"inLanguage\":\"tr\",\"@id\":\"https:\/\/dereevi.com\/en\/#\/schema\/logo\/image\/\",\"url\":\"https:\/\/dereevi.com\/en\/wp-content\/uploads\/2024\/09\/dereevi.png\",\"contentUrl\":\"https:\/\/dereevi.com\/en\/wp-content\/uploads\/2024\/09\/dereevi.png\",\"width\":502,\"height\":502,\"caption\":\"Dere Evi\"},\"image\":{\"@id\":\"https:\/\/dereevi.com\/en\/#\/schema\/logo\/image\/\"}}]}<\/script>\n<!-- \/ Yoast SEO Premium plugin. -->","yoast_head_json":{"title":"About Us - Dere Evi","description":"About Us Dere Evi. F\u0131rt\u0131na Deresi kenar\u0131nda, Ka\u00e7kar Da\u011flar\u0131 eteklerinde yer alan m\u00fcstakil ah\u015fap kona\u011f\u0131m\u0131zda e\u015fsiz bir tatil sunuyoruz.","robots":{"index":"index","follow":"follow","max-snippet":"max-snippet:-1","max-image-preview":"max-image-preview:large","max-video-preview":"max-video-preview:-1"},"canonical":"https:\/\/dereevi.com\/en\/about-us\/","og_locale":"tr_TR","og_type":"article","og_title":"About Us","og_description":"About Us Dere Evi. F\u0131rt\u0131na Deresi kenar\u0131nda, Ka\u00e7kar Da\u011flar\u0131 eteklerinde yer alan m\u00fcstakil ah\u015fap kona\u011f\u0131m\u0131zda e\u015fsiz bir tatil sunuyoruz.","og_url":"https:\/\/dereevi.com\/en\/about-us\/","og_site_name":"Dere Evi","article_modified_time":"2024-12-13T15:43:45+00:00","og_image":[{"width":900,"height":900,"url":"https:\/\/dereevi.com\/en\/wp-content\/uploads\/2024\/09\/veranda.png","type":"image\/png"}],"twitter_card":"summary_large_image","twitter_misc":{"Tahmini okuma s\u00fcresi":"3 dakika"},"schema":{"@context":"https:\/\/schema.org","@graph":[{"@type":"WebPage","@id":"https:\/\/dereevi.com\/en\/about-us\/","url":"https:\/\/dereevi.com\/en\/about-us\/","name":"About Us - Dere Evi","isPartOf":{"@id":"https:\/\/dereevi.com\/en\/#website"},"primaryImageOfPage":{"@id":"https:\/\/dereevi.com\/en\/about-us\/#primaryimage"},"image":{"@id":"https:\/\/dereevi.com\/en\/about-us\/#primaryimage"},"thumbnailUrl":"https:\/\/dereevi.com\/en\/wp-content\/uploads\/2024\/09\/veranda.png","datePublished":"2024-02-10T13:42:35+00:00","dateModified":"2024-12-13T15:43:45+00:00","description":"About Us Dere Evi. F\u0131rt\u0131na Deresi kenar\u0131nda, Ka\u00e7kar Da\u011flar\u0131 eteklerinde yer alan m\u00fcstakil ah\u015fap kona\u011f\u0131m\u0131zda e\u015fsiz bir tatil sunuyoruz.","breadcrumb":{"@id":"https:\/\/dereevi.com\/en\/about-us\/#breadcrumb"},"inLanguage":"tr","potentialAction":[{"@type":"ReadAction","target":["https:\/\/dereevi.com\/en\/about-us\/"]}]},{"@type":"ImageObject","inLanguage":"tr","@id":"https:\/\/dereevi.com\/en\/about-us\/#primaryimage","url":"https:\/\/dereevi.com\/en\/wp-content\/uploads\/2024\/09\/veranda.png","contentUrl":"https:\/\/dereevi.com\/en\/wp-content\/uploads\/2024\/09\/veranda.png","width":900,"height":900},{"@type":"BreadcrumbList","@id":"https:\/\/dereevi.com\/en\/about-us\/#breadcrumb","itemListElement":[{"@type":"ListItem","position":1,"name":"Anasayfa","item":"https:\/\/dereevi.com\/en\/"},{"@type":"ListItem","position":2,"name":"About Us"}]},{"@type":"WebSite","@id":"https:\/\/dereevi.com\/en\/#website","url":"https:\/\/dereevi.com\/en\/","name":"Dere Evi","description":"Tatilin En Do\u011fal Hali","publisher":{"@id":"https:\/\/dereevi.com\/en\/#organization"},"potentialAction":[{"@type":"SearchAction","target":{"@type":"EntryPoint","urlTemplate":"https:\/\/dereevi.com\/en\/?s={search_term_string}"},"query-input":{"@type":"PropertyValueSpecification","valueRequired":true,"valueName":"search_term_string"}}],"inLanguage":"tr"},{"@type":"Organization","@id":"https:\/\/dereevi.com\/en\/#organization","name":"Dere Evi","url":"https:\/\/dereevi.com\/en\/","logo":{"@type":"ImageObject","inLanguage":"tr","@id":"https:\/\/dereevi.com\/en\/#\/schema\/logo\/image\/","url":"https:\/\/dereevi.com\/en\/wp-content\/uploads\/2024\/09\/dereevi.png","contentUrl":"https:\/\/dereevi.com\/en\/wp-content\/uploads\/2024\/09\/dereevi.png","width":502,"height":502,"caption":"Dere Evi"},"image":{"@id":"https:\/\/dereevi.com\/en\/#\/schema\/logo\/image\/"}}]}},"_links":{"self":[{"href":"https:\/\/dereevi.com\/en\/wp-json\/wp\/v2\/pages\/1034","targetHints":{"allow":["GET"]}}],"collection":[{"href":"https:\/\/dereevi.com\/en\/wp-json\/wp\/v2\/pages"}],"about":[{"href":"https:\/\/dereevi.com\/en\/wp-json\/wp\/v2\/types\/page"}],"author":[{"embeddable":true,"href":"https:\/\/dereevi.com\/en\/wp-json\/wp\/v2\/users\/1"}],"replies":[{"embeddable":true,"href":"https:\/\/dereevi.com\/en\/wp-json\/wp\/v2\/comments?post=1034"}],"version-history":[{"count":8,"href":"https:\/\/dereevi.com\/en\/wp-json\/wp\/v2\/pages\/1034\/revisions"}],"predecessor-version":[{"id":1608,"href":"https:\/\/dereevi.com\/en\/wp-json\/wp\/v2\/pages\/1034\/revisions\/1608"}],"wp:featuredmedia":[{"embeddable":true,"href":"https:\/\/dereevi.com\/en\/wp-json\/wp\/v2\/media\/1538"}],"wp:attachment":[{"href":"https:\/\/dereevi.com\/en\/wp-json\/wp\/v2\/media?parent=1034"}],"curies":[{"name":"wp","href":"https:\/\/api.w.org\/{rel}","templated":true}]}}